{"id":4090,"date":"2025-07-04T16:52:49","date_gmt":"2025-07-04T14:52:49","guid":{"rendered":"https:\/\/www.forma-gmbh.de\/impressum\/"},"modified":"2026-02-13T21:13:02","modified_gmt":"2026-02-13T20:13:02","slug":"impressum","status":"publish","type":"page","link":"https:\/\/www.forma-gmbh.de\/en\/impressum\/","title":{"rendered":"Imprint"},"content":{"rendered":"<p data-start=\"69\" data-end=\"94\"><strong data-start=\"69\" data-end=\"94\">Angaben gem\u00e4\u00df \u00a7 5 TMG<\/strong><\/p>\n<p data-start=\"96\" data-end=\"148\">FORMA GmbH<br data-start=\"106\" data-end=\"109\" \/>Am Peunt 17<br data-start=\"120\" data-end=\"123\" \/>96257 Redwitz \/ Trainau, Germany<\/p>\n<p data-start=\"150\" data-end=\"224\"><strong data-start=\"150\" data-end=\"169\">Represented by<\/strong><br data-start=\"169\" data-end=\"172\" \/>Gesch\u00e4ftsf\u00fchrer Frank-Wich Heiter, Klaus Bruchmann<\/p>\n<p data-start=\"226\" data-end=\"294\"><strong data-start=\"226\" data-end=\"237\">Contact us<\/strong><br data-start=\"237\" data-end=\"240\" \/>Phone: 0926 499 58910<br data-start=\"263\" data-end=\"266\" \/>E-Mail: <a class=\"decorated-link cursor-pointer\" rel=\"noopener\" data-start=\"274\" data-end=\"292\">info@forma-gmbh.de<\/a><\/p>\n<p data-start=\"296\" data-end=\"416\"><strong data-start=\"296\" data-end=\"315\">Commercial Register Entry<\/strong><br data-start=\"315\" data-end=\"318\" \/>Entry in the Commercial Register<br data-start=\"347\" data-end=\"350\" \/>Register Court: Local Court of Bamberg<br data-start=\"386\" data-end=\"389\" \/>Registration Number: HRB 11613<\/p>\n<p data-start=\"418\" data-end=\"524\"><strong data-start=\"418\" data-end=\"437\">VAT ID<\/strong><br data-start=\"437\" data-end=\"440\" \/>Umsatzsteuer-Identifikationsnummer gem\u00e4\u00df \u00a7 27 a Umsatzsteuergesetz:<br data-start=\"507\" data-end=\"510\" \/>DE 367984197<\/p>\n<hr data-start=\"526\" data-end=\"529\" \/>\n<h2 data-start=\"531\" data-end=\"565\">Disclaimer<\/h2>\n<h3 data-start=\"567\" data-end=\"592\">Haftung f\u00fcr Inhalte<\/h3>\n<p data-start=\"593\" data-end=\"1298\">Als Diensteanbieter sind wir gem\u00e4\u00df \u00a7 7 Abs. 1 TMG f\u00fcr eigene Inhalte auf diesen Seiten nach den allgemeinen Gesetzen verantwortlich. Nach \u00a7\u00a7 8 bis 10 TMG sind wir als Diensteanbieter jedoch nicht verpflichtet, \u00fcbermittelte oder gespeicherte fremde Informationen zu \u00fcberwachen oder nach Umst\u00e4nden zu forschen, die auf eine rechtswidrige T\u00e4tigkeit hinweisen. Verpflichtungen zur Entfernung oder Sperrung der Nutzung von Informationen nach den allgemeinen Gesetzen bleiben hiervon unber\u00fchrt. Eine diesbez\u00fcgliche Haftung ist jedoch erst ab dem Zeitpunkt der Kenntnis einer konkreten Rechtsverletzung m\u00f6glich. Bei Bekanntwerden von entsprechenden Rechtsverletzungen werden wir diese Inhalte umgehend entfernen.<\/p>\n<h3 data-start=\"1300\" data-end=\"1323\">Haftung f\u00fcr Links<\/h3>\n<p data-start=\"1324\" data-end=\"2012\">Unser Angebot enth\u00e4lt Links zu externen Webseiten Dritter, auf deren Inhalte wir keinen Einfluss haben. Deshalb k\u00f6nnen wir f\u00fcr diese fremden Inhalte auch keine Gew\u00e4hr \u00fcbernehmen. F\u00fcr die Inhalte der verlinkten Seiten ist stets der jeweilige Anbieter oder Betreiber der Seiten verantwortlich. Die verlinkten Seiten wurden zum Zeitpunkt der Verlinkung auf m\u00f6gliche Rechtsverst\u00f6\u00dfe \u00fcberpr\u00fcft. Rechtswidrige Inhalte waren zum Zeitpunkt der Verlinkung nicht erkennbar. Eine permanente inhaltliche Kontrolle der verlinkten Seiten ist jedoch ohne konkrete Anhaltspunkte einer Rechtsverletzung nicht zumutbar. Bei Bekanntwerden von Rechtsverletzungen werden wir derartige Links umgehend entfernen.<\/p>\n<h3 data-start=\"2014\" data-end=\"2032\">Copyright<\/h3>\n<p data-start=\"2033\" data-end=\"2829\">Die durch die Seitenbetreiber erstellten Inhalte und Werke auf diesen Seiten unterliegen dem deutschen Urheberrecht. Die Vervielf\u00e4ltigung, Bearbeitung, Verbreitung und jede Art der Verwertung au\u00dferhalb der Grenzen des Urheberrechtes bed\u00fcrfen der schriftlichen Zustimmung des jeweiligen Autors bzw. Erstellers. Downloads und Kopien dieser Seite sind nur f\u00fcr den privaten, nicht kommerziellen Gebrauch gestattet. Soweit die Inhalte auf dieser Seite nicht vom Betreiber erstellt wurden, werden die Urheberrechte Dritter beachtet. Insbesondere werden Inhalte Dritter als solche gekennzeichnet. Sollten Sie trotzdem auf eine Urheberrechtsverletzung aufmerksam werden, bitten wir um einen entsprechenden Hinweis. Bei Bekanntwerden von Rechtsverletzungen werden wir derartige Inhalte umgehend entfernen.<\/p>\n<hr data-start=\"2831\" data-end=\"2834\" \/>\n<p data-start=\"2836\" data-end=\"3070\" data-is-last-node=\"\" data-is-only-node=\"\">Unser Unternehmen ist im B2B-Bereich t\u00e4tig. Wir richten unser digitales Angebot an Unternehmen und gewerbliche Kunden. Barrierefreiheit ist daher nicht unser prim\u00e4res Ziel, dennoch bem\u00fchen wir uns um eine nutzerfreundliche Gestaltung.<\/p>","protected":false},"excerpt":{"rendered":"<p>Angaben gem\u00e4\u00df \u00a7 5 TMG FORMA GmbHAm Peunt 1796257 Redwitz \/ Trainau Vertreten durchGesch\u00e4ftsf\u00fchrer Frank-Wich Heiter, Klaus Bruchmann KontaktTelefon: 0926 499 58910E-Mail: info@forma-gmbh.de RegistereintragEintragung im HandelsregisterRegistergericht: Amtsgericht BambergRegisternummer: HRB 11613 Umsatzsteuer-IDUmsatzsteuer-Identifikationsnummer gem\u00e4\u00df \u00a7 27 a Umsatzsteuergesetz:DE 367984197 Haftungsausschluss (Disclaimer) Haftung f\u00fcr Inhalte Als Diensteanbieter sind wir gem\u00e4\u00df \u00a7 7 Abs. 1 TMG f\u00fcr eigene Inhalte [&hellip;]<\/p>","protected":false},"author":1,"featured_media":0,"parent":0,"menu_order":0,"comment_status":"closed","ping_status":"closed","template":"","meta":{"footnotes":""},"class_list":["post-4090","page","type-page","status-publish","hentry","no-thumb"],"yoast_head":"<!-- This site is optimized with the Yoast SEO plugin v25.5 - https:\/\/yoast.com\/wordpress\/plugins\/seo\/ -->\n<title>Impressum - FORMA<\/title>\n<meta name=\"robots\" content=\"noindex, follow\" \/>\n<meta property=\"og:locale\" content=\"en_GB\" \/>\n<meta property=\"og:type\" content=\"article\" \/>\n<meta property=\"og:title\" content=\"Impressum - FORMA\" \/>\n<meta property=\"og:description\" content=\"Angaben gem\u00e4\u00df \u00a7 5 TMG FORMA GmbHAm Peunt 1796257 Redwitz \/ Trainau Vertreten durchGesch\u00e4ftsf\u00fchrer Frank-Wich Heiter, Klaus Bruchmann KontaktTelefon: 0926 499 58910E-Mail: info@forma-gmbh.de RegistereintragEintragung im HandelsregisterRegistergericht: Amtsgericht BambergRegisternummer: HRB 11613 Umsatzsteuer-IDUmsatzsteuer-Identifikationsnummer gem\u00e4\u00df \u00a7 27 a Umsatzsteuergesetz:DE 367984197 Haftungsausschluss (Disclaimer) Haftung f\u00fcr Inhalte Als Diensteanbieter sind wir gem\u00e4\u00df \u00a7 7 Abs. 1 TMG f\u00fcr eigene Inhalte [&hellip;]\" \/>\n<meta property=\"og:url\" content=\"https:\/\/www.forma-gmbh.de\/en\/impressum\/\" \/>\n<meta property=\"og:site_name\" content=\"FORMA\" \/>\n<meta property=\"article:modified_time\" content=\"2026-02-13T20:13:02+00:00\" \/>\n<meta name=\"twitter:card\" content=\"summary_large_image\" \/>\n<meta name=\"twitter:label1\" content=\"Estimated reading time\" \/>\n\t<meta name=\"twitter:data1\" content=\"3 minutes\" \/>\n<script type=\"application\/ld+json\" class=\"yoast-schema-graph\">{\"@context\":\"https:\/\/schema.org\",\"@graph\":[{\"@type\":\"WebPage\",\"@id\":\"https:\/\/www.forma-gmbh.de\/impressum\/\",\"url\":\"https:\/\/www.forma-gmbh.de\/impressum\/\",\"name\":\"Impressum - FORMA\",\"isPartOf\":{\"@id\":\"https:\/\/www.forma-gmbh.de\/#website\"},\"datePublished\":\"2025-07-04T14:52:49+00:00\",\"dateModified\":\"2026-02-13T20:13:02+00:00\",\"breadcrumb\":{\"@id\":\"https:\/\/www.forma-gmbh.de\/impressum\/#breadcrumb\"},\"inLanguage\":\"en-GB\",\"potentialAction\":[{\"@type\":\"ReadAction\",\"target\":[\"https:\/\/www.forma-gmbh.de\/impressum\/\"]}]},{\"@type\":\"BreadcrumbList\",\"@id\":\"https:\/\/www.forma-gmbh.de\/impressum\/#breadcrumb\",\"itemListElement\":[{\"@type\":\"ListItem\",\"position\":1,\"name\":\"Home\",\"item\":\"https:\/\/www.forma-gmbh.de\/\"},{\"@type\":\"ListItem\",\"position\":2,\"name\":\"Impressum\"}]},{\"@type\":\"WebSite\",\"@id\":\"https:\/\/www.forma-gmbh.de\/#website\",\"url\":\"https:\/\/www.forma-gmbh.de\/\",\"name\":\"FORMA\",\"description\":\"Sicherheit durch Pr\u00e4zision!\",\"publisher\":{\"@id\":\"https:\/\/www.forma-gmbh.de\/#organization\"},\"potentialAction\":[{\"@type\":\"SearchAction\",\"target\":{\"@type\":\"EntryPoint\",\"urlTemplate\":\"https:\/\/www.forma-gmbh.de\/?s={search_term_string}\"},\"query-input\":{\"@type\":\"PropertyValueSpecification\",\"valueRequired\":true,\"valueName\":\"search_term_string\"}}],\"inLanguage\":\"en-GB\"},{\"@type\":\"Organization\",\"@id\":\"https:\/\/www.forma-gmbh.de\/#organization\",\"name\":\"FORMA\",\"url\":\"https:\/\/www.forma-gmbh.de\/\",\"logo\":{\"@type\":\"ImageObject\",\"inLanguage\":\"en-GB\",\"@id\":\"https:\/\/www.forma-gmbh.de\/#\/schema\/logo\/image\/\",\"url\":\"https:\/\/www.forma-gmbh.de\/wp-content\/uploads\/2019\/08\/cropped-forma-logo.png\",\"contentUrl\":\"https:\/\/www.forma-gmbh.de\/wp-content\/uploads\/2019\/08\/cropped-forma-logo.png\",\"width\":1356,\"height\":257,\"caption\":\"FORMA\"},\"image\":{\"@id\":\"https:\/\/www.forma-gmbh.de\/#\/schema\/logo\/image\/\"}}]}<\/script>\n<!-- \/ Yoast SEO plugin. -->","yoast_head_json":{"title":"Impressum - FORMA","robots":{"index":"noindex","follow":"follow"},"og_locale":"en_GB","og_type":"article","og_title":"Impressum - FORMA","og_description":"Angaben gem\u00e4\u00df \u00a7 5 TMG FORMA GmbHAm Peunt 1796257 Redwitz \/ Trainau Vertreten durchGesch\u00e4ftsf\u00fchrer Frank-Wich Heiter, Klaus Bruchmann KontaktTelefon: 0926 499 58910E-Mail: info@forma-gmbh.de RegistereintragEintragung im HandelsregisterRegistergericht: Amtsgericht BambergRegisternummer: HRB 11613 Umsatzsteuer-IDUmsatzsteuer-Identifikationsnummer gem\u00e4\u00df \u00a7 27 a Umsatzsteuergesetz:DE 367984197 Haftungsausschluss (Disclaimer) Haftung f\u00fcr Inhalte Als Diensteanbieter sind wir gem\u00e4\u00df \u00a7 7 Abs. 1 TMG f\u00fcr eigene Inhalte [&hellip;]","og_url":"https:\/\/www.forma-gmbh.de\/en\/impressum\/","og_site_name":"FORMA","article_modified_time":"2026-02-13T20:13:02+00:00","twitter_card":"summary_large_image","twitter_misc":{"Estimated reading time":"3 minutes"},"schema":{"@context":"https:\/\/schema.org","@graph":[{"@type":"WebPage","@id":"https:\/\/www.forma-gmbh.de\/impressum\/","url":"https:\/\/www.forma-gmbh.de\/impressum\/","name":"Impressum - FORMA","isPartOf":{"@id":"https:\/\/www.forma-gmbh.de\/#website"},"datePublished":"2025-07-04T14:52:49+00:00","dateModified":"2026-02-13T20:13:02+00:00","breadcrumb":{"@id":"https:\/\/www.forma-gmbh.de\/impressum\/#breadcrumb"},"inLanguage":"en-GB","potentialAction":[{"@type":"ReadAction","target":["https:\/\/www.forma-gmbh.de\/impressum\/"]}]},{"@type":"BreadcrumbList","@id":"https:\/\/www.forma-gmbh.de\/impressum\/#breadcrumb","itemListElement":[{"@type":"ListItem","position":1,"name":"Home","item":"https:\/\/www.forma-gmbh.de\/"},{"@type":"ListItem","position":2,"name":"Impressum"}]},{"@type":"WebSite","@id":"https:\/\/www.forma-gmbh.de\/#website","url":"https:\/\/www.forma-gmbh.de\/","name":"FORMA","description":"Sicherheit durch Pr\u00e4zision!","publisher":{"@id":"https:\/\/www.forma-gmbh.de\/#organization"},"potentialAction":[{"@type":"SearchAction","target":{"@type":"EntryPoint","urlTemplate":"https:\/\/www.forma-gmbh.de\/?s={search_term_string}"},"query-input":{"@type":"PropertyValueSpecification","valueRequired":true,"valueName":"search_term_string"}}],"inLanguage":"en-GB"},{"@type":"Organization","@id":"https:\/\/www.forma-gmbh.de\/#organization","name":"FORMA","url":"https:\/\/www.forma-gmbh.de\/","logo":{"@type":"ImageObject","inLanguage":"en-GB","@id":"https:\/\/www.forma-gmbh.de\/#\/schema\/logo\/image\/","url":"https:\/\/www.forma-gmbh.de\/wp-content\/uploads\/2019\/08\/cropped-forma-logo.png","contentUrl":"https:\/\/www.forma-gmbh.de\/wp-content\/uploads\/2019\/08\/cropped-forma-logo.png","width":1356,"height":257,"caption":"FORMA"},"image":{"@id":"https:\/\/www.forma-gmbh.de\/#\/schema\/logo\/image\/"}}]}},"_links":{"self":[{"href":"https:\/\/www.forma-gmbh.de\/en\/wp-json\/wp\/v2\/pages\/4090","targetHints":{"allow":["GET"]}}],"collection":[{"href":"https:\/\/www.forma-gmbh.de\/en\/wp-json\/wp\/v2\/pages"}],"about":[{"href":"https:\/\/www.forma-gmbh.de\/en\/wp-json\/wp\/v2\/types\/page"}],"author":[{"embeddable":true,"href":"https:\/\/www.forma-gmbh.de\/en\/wp-json\/wp\/v2\/users\/1"}],"replies":[{"embeddable":true,"href":"https:\/\/www.forma-gmbh.de\/en\/wp-json\/wp\/v2\/comments?post=4090"}],"version-history":[{"count":3,"href":"https:\/\/www.forma-gmbh.de\/en\/wp-json\/wp\/v2\/pages\/4090\/revisions"}],"predecessor-version":[{"id":4188,"href":"https:\/\/www.forma-gmbh.de\/en\/wp-json\/wp\/v2\/pages\/4090\/revisions\/4188"}],"wp:attachment":[{"href":"https:\/\/www.forma-gmbh.de\/en\/wp-json\/wp\/v2\/media?parent=4090"}],"curies":[{"name":"wp","href":"https:\/\/api.w.org\/{rel}","templated":true}]}}